{"id":1051,"date":"2025-12-09T20:31:13","date_gmt":"2025-12-10T01:31:13","guid":{"rendered":"https:\/\/lunari18k.com\/?page_id=1051"},"modified":"2026-02-03T11:56:35","modified_gmt":"2026-02-03T16:56:35","slug":"terminos-y-condiciones","status":"publish","type":"page","link":"https:\/\/lunari18k.com\/en\/terminos-y-condiciones\/","title":{"rendered":"terms and conditions"},"content":{"rendered":"<div data-elementor-type=\"wp-page\" data-elementor-id=\"1051\" class=\"elementor elementor-1051\">\n\t\t\t\t<div class=\"elementor-element elementor-element-9fa1640 e-flex e-con-boxed e-con e-parent\" data-id=\"9fa1640\" data-element_type=\"container\">\n\t\t\t\t\t<div class=\"e-con-inner\">\n\t\t\t\t<div class=\"elementor-element elementor-element-4e9f3e8 elementor-widget elementor-widget-text-editor\" data-id=\"4e9f3e8\" data-element_type=\"widget\" data-widget_type=\"text-editor.default\">\n\t\t\t\t<div class=\"elementor-widget-container\">\n\t\t\t\t\t\t\t\t\t<p>TERMINOS Y CONDICIONES LUNARI18K.<\/p><p>\u00a0<\/p>\t\t\t\t\t\t\t\t<\/div>\n\t\t\t\t<\/div>\n\t\t\t\t\t<\/div>\n\t\t\t\t<\/div>\n\t\t<div class=\"elementor-element elementor-element-a15f0f6 e-flex e-con-boxed e-con e-parent\" data-id=\"a15f0f6\" data-element_type=\"container\">\n\t\t\t\t\t<div class=\"e-con-inner\">\n\t\t\t\t<div class=\"elementor-element elementor-element-b00be7c elementor-widget elementor-widget-text-editor\" data-id=\"b00be7c\" data-element_type=\"widget\" data-widget_type=\"text-editor.default\">\n\t\t\t\t<div class=\"elementor-widget-container\">\n\t\t\t\t\t\t\t\t\t<p>\u00daltima actualizaci\u00f3n: enero 2026<\/p><p>Bienvenido(a) a Lunari18k. Al realizar una compra en nuestro sitio web, aceptas los siguientes t\u00e9rminos y condiciones. Te recomendamos leerlos cuidadosamente antes de comprar.<\/p>\t\t\t\t\t\t\t\t<\/div>\n\t\t\t\t<\/div>\n\t\t\t\t\t<\/div>\n\t\t\t\t<\/div>\n\t\t<div class=\"elementor-element elementor-element-eeda7b4 e-flex e-con-boxed e-con e-parent\" data-id=\"eeda7b4\" data-element_type=\"container\">\n\t\t\t\t\t<div class=\"e-con-inner\">\n\t\t\t\t<div class=\"elementor-element elementor-element-09e25ab elementor-widget elementor-widget-text-editor\" data-id=\"09e25ab\" data-element_type=\"widget\" data-widget_type=\"text-editor.default\">\n\t\t\t\t<div class=\"elementor-widget-container\">\n\t\t\t\t\t\t\t\t\t<p>1.Productos<\/p>\t\t\t\t\t\t\t\t<\/div>\n\t\t\t\t<\/div>\n\t\t\t\t\t<\/div>\n\t\t\t\t<\/div>\n\t\t<div class=\"elementor-element elementor-element-63089d6 e-flex e-con-boxed e-con e-parent\" data-id=\"63089d6\" data-element_type=\"container\">\n\t\t\t\t\t<div class=\"e-con-inner\">\n\t\t\t\t<div class=\"elementor-element elementor-element-9ae5512 elementor-widget elementor-widget-text-editor\" data-id=\"9ae5512\" data-element_type=\"widget\" data-widget_type=\"text-editor.default\">\n\t\t\t\t<div class=\"elementor-widget-container\">\n\t\t\t\t\t\t\t\t\t<p>Lunari18k ofrece joyas finas hechas a mano, elaboradas principalmente en oro de 18 quilates. Debido a la naturaleza artesanal de nuestros productos, pueden presentarse ligeras variaciones en dise\u00f1o, color o tama\u00f1o, lo cual forma parte de su autenticidad.<\/p><p>Muchos de nuestros productos son personalizados seg\u00fan la medida de mu\u00f1eca y selecci\u00f3n del cliente.<\/p>\t\t\t\t\t\t\t\t<\/div>\n\t\t\t\t<\/div>\n\t\t\t\t\t<\/div>\n\t\t\t\t<\/div>\n\t\t<div class=\"elementor-element elementor-element-f9bc919 e-flex e-con-boxed e-con e-parent\" data-id=\"f9bc919\" data-element_type=\"container\">\n\t\t\t\t\t<div class=\"e-con-inner\">\n\t\t\t\t<div class=\"elementor-element elementor-element-536779d elementor-widget elementor-widget-text-editor\" data-id=\"536779d\" data-element_type=\"widget\" data-widget_type=\"text-editor.default\">\n\t\t\t\t<div class=\"elementor-widget-container\">\n\t\t\t\t\t\t\t\t\t<p>2.Precios<\/p>\t\t\t\t\t\t\t\t<\/div>\n\t\t\t\t<\/div>\n\t\t\t\t\t<\/div>\n\t\t\t\t<\/div>\n\t\t<div class=\"elementor-element elementor-element-95458a0 e-flex e-con-boxed e-con e-parent\" data-id=\"95458a0\" data-element_type=\"container\">\n\t\t\t\t\t<div class=\"e-con-inner\">\n\t\t\t\t<div class=\"elementor-element elementor-element-1f68cef elementor-widget elementor-widget-text-editor\" data-id=\"1f68cef\" data-element_type=\"widget\" data-widget_type=\"text-editor.default\">\n\t\t\t\t<div class=\"elementor-widget-container\">\n\t\t\t\t\t\t\t\t\t<p>Todos los precios est\u00e1n expresados en d\u00f3lares estadounidenses (USD).<\/p><p>Los precios pueden variar seg\u00fan el dise\u00f1o, tama\u00f1o del bal\u00edn y opciones adicionales seleccionadas.<\/p><p>Lunari18k se reserva el derecho de modificar precios sin previo aviso.<\/p>\t\t\t\t\t\t\t\t<\/div>\n\t\t\t\t<\/div>\n\t\t\t\t\t<\/div>\n\t\t\t\t<\/div>\n\t\t<div class=\"elementor-element elementor-element-9f70df2 e-flex e-con-boxed e-con e-parent\" data-id=\"9f70df2\" data-element_type=\"container\">\n\t\t\t\t\t<div class=\"e-con-inner\">\n\t\t\t\t<div class=\"elementor-element elementor-element-5e6ea7e elementor-widget elementor-widget-text-editor\" data-id=\"5e6ea7e\" data-element_type=\"widget\" data-widget_type=\"text-editor.default\">\n\t\t\t\t<div class=\"elementor-widget-container\">\n\t\t\t\t\t\t\t\t\t<p>3.Pedidos Personalizados<\/p>\t\t\t\t\t\t\t\t<\/div>\n\t\t\t\t<\/div>\n\t\t\t\t\t<\/div>\n\t\t\t\t<\/div>\n\t\t<div class=\"elementor-element elementor-element-21ca4a2 e-flex e-con-boxed e-con e-parent\" data-id=\"21ca4a2\" data-element_type=\"container\">\n\t\t\t\t\t<div class=\"e-con-inner\">\n\t\t\t\t<div class=\"elementor-element elementor-element-e6fc3c2 elementor-widget elementor-widget-text-editor\" data-id=\"e6fc3c2\" data-element_type=\"widget\" data-widget_type=\"text-editor.default\">\n\t\t\t\t<div class=\"elementor-widget-container\">\n\t\t\t\t\t\t\t\t\t<p>Los productos personalizados se elaboran exclusivamente bajo las especificaciones del cliente (medida, dise\u00f1o, balines adicionales, etc.).<\/p><p><img decoding=\"async\" class=\"an1\" draggable=\"false\" src=\"https:\/\/fonts.gstatic.com\/s\/e\/notoemoji\/16.0\/26a0_fe0f\/72.png\" alt=\"\u26a0\ufe0f\" data-emoji=\"\u26a0\ufe0f\" aria-label=\"\u26a0\ufe0f\" \/> Por esta raz\u00f3n, los productos personalizados no tienen cambio ni devoluci\u00f3n, salvo en caso de defecto de fabricaci\u00f3n.<\/p>\t\t\t\t\t\t\t\t<\/div>\n\t\t\t\t<\/div>\n\t\t\t\t\t<\/div>\n\t\t\t\t<\/div>\n\t\t<div class=\"elementor-element elementor-element-9b0e344 e-flex e-con-boxed e-con e-parent\" data-id=\"9b0e344\" data-element_type=\"container\">\n\t\t\t\t\t<div class=\"e-con-inner\">\n\t\t\t\t<div class=\"elementor-element elementor-element-f6702bc elementor-widget elementor-widget-text-editor\" data-id=\"f6702bc\" data-element_type=\"widget\" data-widget_type=\"text-editor.default\">\n\t\t\t\t<div class=\"elementor-widget-container\">\n\t\t\t\t\t\t\t\t\t<p>4.Pagos<\/p>\t\t\t\t\t\t\t\t<\/div>\n\t\t\t\t<\/div>\n\t\t\t\t\t<\/div>\n\t\t\t\t<\/div>\n\t\t<div class=\"elementor-element elementor-element-e172ee8 e-flex e-con-boxed e-con e-parent\" data-id=\"e172ee8\" data-element_type=\"container\">\n\t\t\t\t\t<div class=\"e-con-inner\">\n\t\t\t\t<div class=\"elementor-element elementor-element-3255191 elementor-widget elementor-widget-text-editor\" data-id=\"3255191\" data-element_type=\"widget\" data-widget_type=\"text-editor.default\">\n\t\t\t\t<div class=\"elementor-widget-container\">\n\t\t\t\t\t\t\t\t\t<p>Aceptamos pagos a trav\u00e9s de las plataformas habilitadas en nuestra tienda (tarjetas, billeteras digitales u otros m\u00e9todos disponibles).<\/p><p>El pedido ser\u00e1 procesado \u00fanicamente despu\u00e9s de confirmarse el pago.<\/p>\t\t\t\t\t\t\t\t<\/div>\n\t\t\t\t<\/div>\n\t\t\t\t\t<\/div>\n\t\t\t\t<\/div>\n\t\t<div class=\"elementor-element elementor-element-cf8b1d8 e-flex e-con-boxed e-con e-parent\" data-id=\"cf8b1d8\" data-element_type=\"container\">\n\t\t\t\t\t<div class=\"e-con-inner\">\n\t\t\t\t<div class=\"elementor-element elementor-element-609e405 elementor-widget elementor-widget-text-editor\" data-id=\"609e405\" data-element_type=\"widget\" data-widget_type=\"text-editor.default\">\n\t\t\t\t<div class=\"elementor-widget-container\">\n\t\t\t\t\t\t\t\t\t<p>5.Envios<\/p>\t\t\t\t\t\t\t\t<\/div>\n\t\t\t\t<\/div>\n\t\t\t\t\t<\/div>\n\t\t\t\t<\/div>\n\t\t<div class=\"elementor-element elementor-element-a7a9546 e-flex e-con-boxed e-con e-parent\" data-id=\"a7a9546\" data-element_type=\"container\">\n\t\t\t\t\t<div class=\"e-con-inner\">\n\t\t\t\t<div class=\"elementor-element elementor-element-9ec0515 elementor-widget elementor-widget-text-editor\" data-id=\"9ec0515\" data-element_type=\"widget\" data-widget_type=\"text-editor.default\">\n\t\t\t\t<div class=\"elementor-widget-container\">\n\t\t\t\t\t\t\t\t\t<div class=\"gs\"><div class=\"\"><div id=\":nx\" class=\"ii gt\"><div id=\":nw\" class=\"a3s aiL\"><div id=\"avWBGd-362\"><div><div><p>Los tiempos de elaboraci\u00f3n y env\u00edo pueden variar seg\u00fan el producto.<\/p><p>Una vez enviado el pedido, Lunari18k no se hace responsable por retrasos ocasionados por la empresa de mensajer\u00eda.<\/p><p>Los costos de env\u00edo ser\u00e1n calculados y mostrados al momento de finalizar la compra.<\/p><div class=\"yj6qo\">\u00a0<\/div><div class=\"adL\">\u00a0<\/div><\/div><div class=\"adL\">\u00a0<\/div><\/div><div class=\"adL\">\u00a0<\/div><\/div><\/div><\/div><div id=\"avWBGd-363\" class=\"WhmR8e\" data-hash=\"0\">\u00a0<\/div><\/div><\/div>\t\t\t\t\t\t\t\t<\/div>\n\t\t\t\t<\/div>\n\t\t\t\t\t<\/div>\n\t\t\t\t<\/div>\n\t\t<div class=\"elementor-element elementor-element-4acd64d e-flex e-con-boxed e-con e-parent\" data-id=\"4acd64d\" data-element_type=\"container\">\n\t\t\t\t\t<div class=\"e-con-inner\">\n\t\t\t\t<div class=\"elementor-element elementor-element-3bf1971 elementor-widget elementor-widget-text-editor\" data-id=\"3bf1971\" data-element_type=\"widget\" data-widget_type=\"text-editor.default\">\n\t\t\t\t<div class=\"elementor-widget-container\">\n\t\t\t\t\t\t\t\t\t<p>6.Garantia<\/p>\t\t\t\t\t\t\t\t<\/div>\n\t\t\t\t<\/div>\n\t\t\t\t\t<\/div>\n\t\t\t\t<\/div>\n\t\t<div class=\"elementor-element elementor-element-660e015 e-flex e-con-boxed e-con e-parent\" data-id=\"660e015\" data-element_type=\"container\">\n\t\t\t\t\t<div class=\"e-con-inner\">\n\t\t\t\t<div class=\"elementor-element elementor-element-ab8a165 elementor-widget elementor-widget-text-editor\" data-id=\"ab8a165\" data-element_type=\"widget\" data-widget_type=\"text-editor.default\">\n\t\t\t\t<div class=\"elementor-widget-container\">\n\t\t\t\t\t\t\t\t\t<p>Lunari18k garantiza la autenticidad del oro de 18k utilizado en sus piezas.<\/p><p>La garant\u00eda no cubre da\u00f1os por mal uso, desgaste natural, golpes, manipulaci\u00f3n indebida o contacto con qu\u00edmicos.<\/p>\t\t\t\t\t\t\t\t<\/div>\n\t\t\t\t<\/div>\n\t\t\t\t\t<\/div>\n\t\t\t\t<\/div>\n\t\t<div class=\"elementor-element elementor-element-a9d72bf e-flex e-con-boxed e-con e-parent\" data-id=\"a9d72bf\" data-element_type=\"container\">\n\t\t\t\t\t<div class=\"e-con-inner\">\n\t\t\t\t<div class=\"elementor-element elementor-element-386ac6d elementor-widget elementor-widget-text-editor\" data-id=\"386ac6d\" data-element_type=\"widget\" data-widget_type=\"text-editor.default\">\n\t\t\t\t<div class=\"elementor-widget-container\">\n\t\t\t\t\t\t\t\t\t<p>7.Propiedad intelectual<\/p>\t\t\t\t\t\t\t\t<\/div>\n\t\t\t\t<\/div>\n\t\t\t\t\t<\/div>\n\t\t\t\t<\/div>\n\t\t<div class=\"elementor-element elementor-element-3cd2210 e-flex e-con-boxed e-con e-parent\" data-id=\"3cd2210\" data-element_type=\"container\">\n\t\t\t\t\t<div class=\"e-con-inner\">\n\t\t\t\t<div class=\"elementor-element elementor-element-aeeb2af elementor-widget elementor-widget-text-editor\" data-id=\"aeeb2af\" data-element_type=\"widget\" data-widget_type=\"text-editor.default\">\n\t\t\t\t<div class=\"elementor-widget-container\">\n\t\t\t\t\t\t\t\t\t<p>Todos los contenidos de este sitio web (im\u00e1genes, textos, dise\u00f1os y logotipos) son propiedad de Lunari18k y no pueden ser utilizados sin autorizaci\u00f3n previa.el sitio web.<\/p>\t\t\t\t\t\t\t\t<\/div>\n\t\t\t\t<\/div>\n\t\t\t\t\t<\/div>\n\t\t\t\t<\/div>\n\t\t<div class=\"elementor-element elementor-element-8cb9fa6 e-flex e-con-boxed e-con e-parent\" data-id=\"8cb9fa6\" data-element_type=\"container\">\n\t\t\t\t\t<div class=\"e-con-inner\">\n\t\t\t\t<div class=\"elementor-element elementor-element-e70eb42 elementor-widget elementor-widget-text-editor\" data-id=\"e70eb42\" data-element_type=\"widget\" data-widget_type=\"text-editor.default\">\n\t\t\t\t<div class=\"elementor-widget-container\">\n\t\t\t\t\t\t\t\t\t<p>8.Modificaciones<\/p>\t\t\t\t\t\t\t\t<\/div>\n\t\t\t\t<\/div>\n\t\t\t\t\t<\/div>\n\t\t\t\t<\/div>\n\t\t<div class=\"elementor-element elementor-element-7b93c9c e-flex e-con-boxed e-con e-parent\" data-id=\"7b93c9c\" data-element_type=\"container\">\n\t\t\t\t\t<div class=\"e-con-inner\">\n\t\t\t\t<div class=\"elementor-element elementor-element-7711913 elementor-widget elementor-widget-text-editor\" data-id=\"7711913\" data-element_type=\"widget\" data-widget_type=\"text-editor.default\">\n\t\t\t\t<div class=\"elementor-widget-container\">\n\t\t\t\t\t\t\t\t\t<p>Lunari18k se reserva el derecho de actualizar o modificar estos t\u00e9rminos en cualquier momento. Las modificaciones entrar\u00e1n en vigencia una vez publicadas en el sitio web.<\/p>\t\t\t\t\t\t\t\t<\/div>\n\t\t\t\t<\/div>\n\t\t\t\t\t<\/div>\n\t\t\t\t<\/div>\n\t\t<div class=\"elementor-element elementor-element-5465c53 e-flex e-con-boxed e-con e-parent\" data-id=\"5465c53\" data-element_type=\"container\">\n\t\t\t\t\t<div class=\"e-con-inner\">\n\t\t\t\t<div class=\"elementor-element elementor-element-be0a587 elementor-widget elementor-widget-text-editor\" data-id=\"be0a587\" data-element_type=\"widget\" data-widget_type=\"text-editor.default\">\n\t\t\t\t<div class=\"elementor-widget-container\">\n\t\t\t\t\t\t\t\t\t<p>9.Contacto<\/p>\t\t\t\t\t\t\t\t<\/div>\n\t\t\t\t<\/div>\n\t\t\t\t\t<\/div>\n\t\t\t\t<\/div>\n\t\t<div class=\"elementor-element elementor-element-8027e8a e-flex e-con-boxed e-con e-parent\" data-id=\"8027e8a\" data-element_type=\"container\">\n\t\t\t\t\t<div class=\"e-con-inner\">\n\t\t\t\t<div class=\"elementor-element elementor-element-65f3e28 elementor-widget elementor-widget-text-editor\" data-id=\"65f3e28\" data-element_type=\"widget\" data-widget_type=\"text-editor.default\">\n\t\t\t\t<div class=\"elementor-widget-container\">\n\t\t\t\t\t\t\t\t\t<p>Para cualquier duda relacionada con estos t\u00e9rminos, puedes contactarnos a trav\u00e9s de nuestra p\u00e1gina de Contacto.<\/p>\t\t\t\t\t\t\t\t<\/div>\n\t\t\t\t<\/div>\n\t\t\t\t\t<\/div>\n\t\t\t\t<\/div>\n\t\t\t\t<\/div>","protected":false},"excerpt":{"rendered":"<p>TERMINOS Y CONDICIONES LUNARI18K. \u00a0 \u00daltima actualizaci\u00f3n: enero 2026 Bienvenido(a) a Lunari18k. Al realizar una compra en nuestro sitio web, [&hellip;]<\/p>","protected":false},"author":1,"featured_media":0,"parent":0,"menu_order":0,"comment_status":"closed","ping_status":"closed","template":"","meta":{"_uag_custom_page_level_css":"","site-sidebar-layout":"no-sidebar","site-content-layout":"","ast-site-content-layout":"full-width-container","site-content-style":"default","site-sidebar-style":"default","ast-global-header-display":"","ast-banner-title-visibility":"","ast-main-header-display":"","ast-hfb-above-header-display":"","ast-hfb-below-header-display":"","ast-hfb-mobile-header-display":"","site-post-title":"disabled","ast-breadcrumbs-content":"","ast-featured-img":"disabled","footer-sml-layout":"","theme-transparent-header-meta":"","adv-header-id-meta":"","stick-header-meta":"","header-above-stick-meta":"","header-main-stick-meta":"","header-below-stick-meta":"","astra-migrate-meta-layouts":"default","ast-page-background-enabled":"default","ast-page-background-meta":{"desktop":{"background-color":"var(--ast-global-color-4)","background-image":"","background-repeat":"repeat","background-position":"center center","background-size":"auto","background-attachment":"scroll","background-type":"","background-media":"","overlay-type":"","overlay-color":"","overlay-opacity":"","overlay-gradient":""},"tablet":{"background-color":"","background-image":"","background-repeat":"repeat","background-position":"center center","background-size":"auto","background-attachment":"scroll","background-type":"","background-media":"","overlay-type":"","overlay-color":"","overlay-opacity":"","overlay-gradient":""},"mobile":{"background-color":"","background-image":"","background-repeat":"repeat","background-position":"center center","background-size":"auto","background-attachment":"scroll","background-type":"","background-media":"","overlay-type":"","overlay-color":"","overlay-opacity":"","overlay-gradient":""}},"ast-content-background-meta":{"desktop":{"background-color":"var(--ast-global-color-5)","background-image":"","background-repeat":"repeat","background-position":"center center","background-size":"auto","background-attachment":"scroll","background-type":"","background-media":"","overlay-type":"","overlay-color":"","overlay-opacity":"","overlay-gradient":""},"tablet":{"background-color":"var(--ast-global-color-5)","background-image":"","background-repeat":"repeat","background-position":"center center","background-size":"auto","background-attachment":"scroll","background-type":"","background-media":"","overlay-type":"","overlay-color":"","overlay-opacity":"","overlay-gradient":""},"mobile":{"background-color":"var(--ast-global-color-5)","background-image":"","background-repeat":"repeat","background-position":"center center","background-size":"auto","background-attachment":"scroll","background-type":"","background-media":"","overlay-type":"","overlay-color":"","overlay-opacity":"","overlay-gradient":""}},"_joinchat":[],"footnotes":""},"class_list":["post-1051","page","type-page","status-publish","hentry"],"uagb_featured_image_src":{"full":false,"thumbnail":false,"medium":false,"medium_large":false,"large":false,"1536x1536":false,"2048x2048":false,"trp-custom-language-flag":false,"woocommerce_thumbnail":false,"woocommerce_single":false,"woocommerce_gallery_thumbnail":false},"uagb_author_info":{"display_name":"zafran3917@gmail.com","author_link":"https:\/\/lunari18k.com\/en\/author\/zafran3917gmail-com\/"},"uagb_comment_info":0,"uagb_excerpt":"TERMINOS Y CONDICIONES LUNARI18K. \u00a0 \u00daltima actualizaci\u00f3n: enero 2026 Bienvenido(a) a Lunari18k. Al realizar una compra en nuestro sitio web, [&hellip;]","_links":{"self":[{"href":"https:\/\/lunari18k.com\/en\/wp-json\/wp\/v2\/pages\/1051","targetHints":{"allow":["GET"]}}],"collection":[{"href":"https:\/\/lunari18k.com\/en\/wp-json\/wp\/v2\/pages"}],"about":[{"href":"https:\/\/lunari18k.com\/en\/wp-json\/wp\/v2\/types\/page"}],"author":[{"embeddable":true,"href":"https:\/\/lunari18k.com\/en\/wp-json\/wp\/v2\/users\/1"}],"replies":[{"embeddable":true,"href":"https:\/\/lunari18k.com\/en\/wp-json\/wp\/v2\/comments?post=1051"}],"version-history":[{"count":7,"href":"https:\/\/lunari18k.com\/en\/wp-json\/wp\/v2\/pages\/1051\/revisions"}],"predecessor-version":[{"id":1590,"href":"https:\/\/lunari18k.com\/en\/wp-json\/wp\/v2\/pages\/1051\/revisions\/1590"}],"wp:attachment":[{"href":"https:\/\/lunari18k.com\/en\/wp-json\/wp\/v2\/media?parent=1051"}],"curies":[{"name":"wp","href":"https:\/\/api.w.org\/{rel}","templated":true}]}}