{"id":1283,"date":"2025-12-18T22:36:13","date_gmt":"2025-12-19T03:36:13","guid":{"rendered":"https:\/\/lunari18k.com\/?post_type=product&#038;p=1283"},"modified":"2026-03-25T17:40:25","modified_gmt":"2026-03-25T22:40:25","slug":"balines-liso-y-diamantados-amarillo","status":"publish","type":"product","link":"https:\/\/lunari18k.com\/en\/product\/balines-liso-y-diamantados-amarillo\/","title":{"rendered":"Yellow Smooth y Diamond-cut Beads"},"content":{"rendered":"<p><img fetchpriority=\"high\" decoding=\"async\" class=\"alignnone size-medium wp-image-1633\" src=\"http:\/\/lunari18k.com\/wp-content\/uploads\/2025\/12\/23-263x300.png\" alt=\"\" width=\"263\" height=\"300\" srcset=\"https:\/\/lunari18k.com\/wp-content\/uploads\/2025\/12\/23-263x300.png 263w, https:\/\/lunari18k.com\/wp-content\/uploads\/2025\/12\/23-11x12.png 11w, https:\/\/lunari18k.com\/wp-content\/uploads\/2025\/12\/23.png 420w\" sizes=\"(max-width: 263px) 100vw, 263px\" \/><img decoding=\"async\" class=\"alignnone size-medium wp-image-1635\" src=\"http:\/\/lunari18k.com\/wp-content\/uploads\/2026\/02\/Your-paragraph-text-263x300.png\" alt=\"\" width=\"263\" height=\"300\" srcset=\"https:\/\/lunari18k.com\/wp-content\/uploads\/2026\/02\/Your-paragraph-text-263x300.png 263w, https:\/\/lunari18k.com\/wp-content\/uploads\/2026\/02\/Your-paragraph-text-11x12.png 11w, https:\/\/lunari18k.com\/wp-content\/uploads\/2026\/02\/Your-paragraph-text.png 420w\" sizes=\"(max-width: 263px) 100vw, 263px\" \/><\/p>","protected":false},"excerpt":{"rendered":"<p>Pulsera artesanal elaborada a mano con oro real de 18K.<\/p>\n<p>\u2022 Oro aut\u00e9ntico de 18K (no chapado)<\/p>\n<p>\u2022 Elaborada a mano con tejido artesanal<\/p>\n<p>\u2022 Personalizable: elige el color del hilo<\/p>\n<p>Cada pieza se fabrica especialmente para ti, adapt\u00e1ndose a la medida de tu mu\u00f1eca para un ajuste c\u00f3modo y elegante.<\/p>\n<p>Tiempo de fabricaci\u00f3n: 1\u20133 d\u00edas h\u00e1biles<\/p>\n<p>Env\u00edo desde Miami: 2\u20135 d\u00edas h\u00e1biles dentro de Estados Unidos<\/p>\n<p>Incluye caja de presentaci\u00f3n y certificado de autenticidad de oro 18k.<\/p>\n<p>Dise\u00f1ada para uso diario con la elegancia del oro real de 18K.<\/p>","protected":false},"featured_media":959,"comment_status":"open","ping_status":"closed","template":"","meta":{"_uag_custom_page_level_css":"","site-sidebar-layout":"default","site-content-layout":"","ast-site-content-layout":"default","site-content-style":"default","site-sidebar-style":"default","ast-global-header-display":"","ast-banner-title-visibility":"","ast-main-header-display":"","ast-hfb-above-header-display":"","ast-hfb-below-header-display":"","ast-hfb-mobile-header-display":"","site-post-title":"","ast-breadcrumbs-content":"","ast-featured-img":"","footer-sml-layout":"","theme-transparent-header-meta":"default","adv-header-id-meta":"","stick-header-meta":"","header-above-stick-meta":"","header-main-stick-meta":"","header-below-stick-meta":"","astra-migrate-meta-layouts":"set","ast-page-background-enabled":"default","ast-page-background-meta":{"desktop":{"background-color":"var(--ast-global-color-4)","background-image":"","background-repeat":"repeat","background-position":"center center","background-size":"auto","background-attachment":"scroll","background-type":"","background-media":"","overlay-type":"","overlay-color":"","overlay-opacity":"","overlay-gradient":""},"tablet":{"background-color":"","background-image":"","background-repeat":"repeat","background-position":"center center","background-size":"auto","background-attachment":"scroll","background-type":"","background-media":"","overlay-type":"","overlay-color":"","overlay-opacity":"","overlay-gradient":""},"mobile":{"background-color":"","background-image":"","background-repeat":"repeat","background-position":"center center","background-size":"auto","background-attachment":"scroll","background-type":"","background-media":"","overlay-type":"","overlay-color":"","overlay-opacity":"","overlay-gradient":""}},"ast-content-background-meta":{"desktop":{"background-color":"var(--ast-global-color-5)","background-image":"","background-repeat":"repeat","background-position":"center center","background-size":"auto","background-attachment":"scroll","background-type":"","background-media":"","overlay-type":"","overlay-color":"","overlay-opacity":"","overlay-gradient":""},"tablet":{"background-color":"var(--ast-global-color-5)","background-image":"","background-repeat":"repeat","background-position":"center center","background-size":"auto","background-attachment":"scroll","background-type":"","background-media":"","overlay-type":"","overlay-color":"","overlay-opacity":"","overlay-gradient":""},"mobile":{"background-color":"var(--ast-global-color-5)","background-image":"","background-repeat":"repeat","background-position":"center center","background-size":"auto","background-attachment":"scroll","background-type":"","background-media":"","overlay-type":"","overlay-color":"","overlay-opacity":"","overlay-gradient":""}},"_joinchat":[]},"product_brand":[],"product_cat":[21],"product_tag":[],"class_list":{"0":"post-1283","1":"product","2":"type-product","3":"status-publish","4":"has-post-thumbnail","6":"product_cat-lujo-diario","7":"desktop-align-left","8":"tablet-align-left","9":"mobile-align-left","11":"first","12":"instock","13":"shipping-taxable","14":"purchasable","15":"product-type-simple"},"uagb_featured_image_src":{"full":["https:\/\/lunari18k.com\/wp-content\/uploads\/2025\/12\/sin-fodo-3.png",420,480,false],"thumbnail":["https:\/\/lunari18k.com\/wp-content\/uploads\/2025\/12\/sin-fodo-3-150x150.png",150,150,true],"medium":["https:\/\/lunari18k.com\/wp-content\/uploads\/2025\/12\/sin-fodo-3-263x300.png",263,300,true],"medium_large":["https:\/\/lunari18k.com\/wp-content\/uploads\/2025\/12\/sin-fodo-3.png",420,480,false],"large":["https:\/\/lunari18k.com\/wp-content\/uploads\/2025\/12\/sin-fodo-3.png",420,480,false],"1536x1536":["https:\/\/lunari18k.com\/wp-content\/uploads\/2025\/12\/sin-fodo-3.png",420,480,false],"2048x2048":["https:\/\/lunari18k.com\/wp-content\/uploads\/2025\/12\/sin-fodo-3.png",420,480,false],"trp-custom-language-flag":["https:\/\/lunari18k.com\/wp-content\/uploads\/2025\/12\/sin-fodo-3.png",11,12,false],"woocommerce_thumbnail":["https:\/\/lunari18k.com\/wp-content\/uploads\/2025\/12\/sin-fodo-3-300x300.png",300,300,true],"woocommerce_single":["https:\/\/lunari18k.com\/wp-content\/uploads\/2025\/12\/sin-fodo-3.png",420,480,false],"woocommerce_gallery_thumbnail":["https:\/\/lunari18k.com\/wp-content\/uploads\/2025\/12\/sin-fodo-3-100x100.png",100,100,true]},"uagb_author_info":{"display_name":"zafran3917@gmail.com","author_link":"https:\/\/lunari18k.com\/en\/author\/"},"uagb_comment_info":0,"uagb_excerpt":"Pulsera artesanal elaborada a mano con oro real de 18K. \u2022 Oro aut\u00e9ntico de 18K (no chapado) \u2022 Elaborada a mano con tejido artesanal \u2022 Personalizable: elige el color del hilo Cada pieza se fabrica especialmente para ti, adapt\u00e1ndose a la medida de tu mu\u00f1eca para un ajuste c\u00f3modo y elegante. Tiempo de fabricaci\u00f3n: 1\u20133&hellip;","_links":{"self":[{"href":"https:\/\/lunari18k.com\/en\/wp-json\/wp\/v2\/product\/1283","targetHints":{"allow":["GET"]}}],"collection":[{"href":"https:\/\/lunari18k.com\/en\/wp-json\/wp\/v2\/product"}],"about":[{"href":"https:\/\/lunari18k.com\/en\/wp-json\/wp\/v2\/types\/product"}],"replies":[{"embeddable":true,"href":"https:\/\/lunari18k.com\/en\/wp-json\/wp\/v2\/comments?post=1283"}],"version-history":[{"count":2,"href":"https:\/\/lunari18k.com\/en\/wp-json\/wp\/v2\/product\/1283\/revisions"}],"predecessor-version":[{"id":1669,"href":"https:\/\/lunari18k.com\/en\/wp-json\/wp\/v2\/product\/1283\/revisions\/1669"}],"wp:featuredmedia":[{"embeddable":true,"href":"https:\/\/lunari18k.com\/en\/wp-json\/wp\/v2\/media\/959"}],"wp:attachment":[{"href":"https:\/\/lunari18k.com\/en\/wp-json\/wp\/v2\/media?parent=1283"}],"wp:term":[{"taxonomy":"product_brand","embeddable":true,"href":"https:\/\/lunari18k.com\/en\/wp-json\/wp\/v2\/product_brand?post=1283"},{"taxonomy":"product_cat","embeddable":true,"href":"https:\/\/lunari18k.com\/en\/wp-json\/wp\/v2\/product_cat?post=1283"},{"taxonomy":"product_tag","embeddable":true,"href":"https:\/\/lunari18k.com\/en\/wp-json\/wp\/v2\/product_tag?post=1283"}],"curies":[{"name":"wp","href":"https:\/\/api.w.org\/{rel}","templated":true}]}}